{"id":1364,"date":"2022-07-05T11:58:56","date_gmt":"2022-07-05T09:58:56","guid":{"rendered":"https:\/\/ticino-gastronomico.ch\/home\/"},"modified":"2024-01-25T18:49:15","modified_gmt":"2024-01-25T17:49:15","slug":"home","status":"publish","type":"page","link":"https:\/\/ticino-gastronomico.ch\/de\/","title":{"rendered":"Home"},"content":{"rendered":"\t\t<div data-elementor-type=\"wp-page\" data-elementor-id=\"1364\" class=\"elementor elementor-1364 elementor-230\" data-elementor-post-type=\"page\">\n\t\t\t\t\t\t<section class=\"elementor-section elementor-top-section elementor-element elementor-element-68f86e58 elementor-section-stretched elementor-section-height-min-height elementor-section-items-bottom elementor-section-boxed elementor-section-height-default no-lazyload\" data-id=\"68f86e58\" data-element_type=\"section\" data-e-type=\"section\" data-settings=\"{&quot;stretch_section&quot;:&quot;section-stretched&quot;,&quot;background_background&quot;:&quot;slideshow&quot;,&quot;background_slideshow_gallery&quot;:[{&quot;id&quot;:783,&quot;url&quot;:&quot;https:\\\/\\\/ticino-gastronomico.ch\\\/wp-content\\\/uploads\\\/2022\\\/07\\\/lago_maggiore_centovalli_panoramica1.jpeg&quot;},{&quot;id&quot;:782,&quot;url&quot;:&quot;https:\\\/\\\/ticino-gastronomico.ch\\\/wp-content\\\/uploads\\\/2022\\\/07\\\/castelgrande_bellinzona.jpeg&quot;},{&quot;id&quot;:697,&quot;url&quot;:&quot;https:\\\/\\\/ticino-gastronomico.ch\\\/wp-content\\\/uploads\\\/2022\\\/07\\\/bottles-of-red-wine.jpg&quot;},{&quot;id&quot;:698,&quot;url&quot;:&quot;https:\\\/\\\/ticino-gastronomico.ch\\\/wp-content\\\/uploads\\\/2022\\\/07\\\/variety-of-different-cheese-with-wine-and-fruits.jpg&quot;},{&quot;id&quot;:416,&quot;url&quot;:&quot;https:\\\/\\\/ticino-gastronomico.ch\\\/wp-content\\\/uploads\\\/2022\\\/07\\\/gudo-ticino-svizzera.jpg&quot;},{&quot;id&quot;:276,&quot;url&quot;:&quot;https:\\\/\\\/ticino-gastronomico.ch\\\/wp-content\\\/uploads\\\/2022\\\/07\\\/wine-bottles-on-a-shelf.jpg&quot;},{&quot;id&quot;:323,&quot;url&quot;:&quot;https:\\\/\\\/ticino-gastronomico.ch\\\/wp-content\\\/uploads\\\/2022\\\/07\\\/a-glass-of-white-wine-served-with-cheese-in-a-cutting-board-on-dark-background.jpg&quot;},{&quot;id&quot;:143,&quot;url&quot;:&quot;https:\\\/\\\/ticino-gastronomico.ch\\\/wp-content\\\/uploads\\\/2022\\\/07\\\/castelgrande-bellinzona-ticino-switzerland.jpg&quot;},{&quot;id&quot;:154,&quot;url&quot;:&quot;https:\\\/\\\/ticino-gastronomico.ch\\\/wp-content\\\/uploads\\\/2022\\\/07\\\/lugano-city-and-lake-.jpg&quot;},{&quot;id&quot;:155,&quot;url&quot;:&quot;https:\\\/\\\/ticino-gastronomico.ch\\\/wp-content\\\/uploads\\\/2022\\\/07\\\/aerial-view-of-lugano.jpg&quot;},{&quot;id&quot;:862,&quot;url&quot;:&quot;https:\\\/\\\/ticino-gastronomico.ch\\\/wp-content\\\/uploads\\\/2022\\\/07\\\/madonna_del_sasso7-1.jpg.2018-07-18-15-52-48-1920-x-700-1.jpg&quot;}],&quot;background_slideshow_loop&quot;:&quot;yes&quot;,&quot;background_slideshow_slide_duration&quot;:5000,&quot;background_slideshow_slide_transition&quot;:&quot;fade&quot;,&quot;background_slideshow_transition_duration&quot;:500}\">\n\t\t\t\t\t\t<div class=\"elementor-container elementor-column-gap-default\">\n\t\t\t\t\t<div class=\"elementor-column elementor-col-100 elementor-top-column elementor-element elementor-element-1f12e8be\" data-id=\"1f12e8be\" data-element_type=\"column\" data-e-type=\"column\">\n\t\t\t<div class=\"elementor-widget-wrap\">\n\t\t\t\t\t\t\t<\/div>\n\t\t<\/div>\n\t\t\t\t\t<\/div>\n\t\t<\/section>\n\t\t\t\t<section class=\"elementor-section elementor-top-section elementor-element elementor-element-8e87698 elementor-section-boxed elementor-section-height-default elementor-section-height-default\" data-id=\"8e87698\" data-element_type=\"section\" data-e-type=\"section\">\n\t\t\t\t\t\t<div class=\"elementor-container elementor-column-gap-default\">\n\t\t\t\t\t<div class=\"elementor-column elementor-col-100 elementor-top-column elementor-element elementor-element-1757a7a\" data-id=\"1757a7a\" data-element_type=\"column\" data-e-type=\"column\">\n\t\t\t<div class=\"elementor-widget-wrap elementor-element-populated\">\n\t\t\t\t\t\t<div class=\"elementor-element elementor-element-f8aeadf elementor-widget elementor-widget-heading\" data-id=\"f8aeadf\" data-element_type=\"widget\" data-e-type=\"widget\" data-widget_type=\"heading.default\">\n\t\t\t\t<div class=\"elementor-widget-container\">\n\t\t\t\t\t<h2 class=\"elementor-heading-title elementor-size-default\">Am Tisch treffen wir uns, wir plaudern, wir entspannen uns, wir lachen... manchmal sto\u00dfen wir uns, aber gutes Essen wirkt wie ein Friedensstifter. Er ist in der Lage, auch am Ende eines anstrengenden Tages gute Laune zu verbreiten. (Antonino Cannavacciuolo)\n<\/h2>\t\t\t\t<\/div>\n\t\t\t\t<\/div>\n\t\t\t\t<section class=\"elementor-section elementor-inner-section elementor-element elementor-element-9f9a3fe elementor-section-height-min-height elementor-section-boxed elementor-section-height-default\" data-id=\"9f9a3fe\" data-element_type=\"section\" data-e-type=\"section\">\n\t\t\t\t\t\t<div class=\"elementor-container elementor-column-gap-default\">\n\t\t\t\t\t<div class=\"elementor-column elementor-col-25 elementor-inner-column elementor-element elementor-element-d935ef2\" data-id=\"d935ef2\" data-element_type=\"column\" data-e-type=\"column\" data-settings=\"{&quot;background_background&quot;:&quot;classic&quot;}\">\n\t\t\t<div class=\"elementor-widget-wrap elementor-element-populated\">\n\t\t\t\t\t\t<div class=\"elementor-element elementor-element-7d85ef7 elementor-widget elementor-widget-heading\" data-id=\"7d85ef7\" data-element_type=\"widget\" data-e-type=\"widget\" data-widget_type=\"heading.default\">\n\t\t\t\t<div class=\"elementor-widget-container\">\n\t\t\t\t\t<h2 class=\"elementor-heading-title elementor-size-default\"><a href=\"https:\/\/ticino-gastronomico.ch\/de\/gaststaetten-grotti\/\" target=\"_blank\">Gastro<\/a><\/h2>\t\t\t\t<\/div>\n\t\t\t\t<\/div>\n\t\t\t\t\t<\/div>\n\t\t<\/div>\n\t\t\t\t<div class=\"elementor-column elementor-col-25 elementor-inner-column elementor-element elementor-element-45f08a0\" data-id=\"45f08a0\" data-element_type=\"column\" data-e-type=\"column\" data-settings=\"{&quot;background_background&quot;:&quot;classic&quot;}\">\n\t\t\t<div class=\"elementor-widget-wrap elementor-element-populated\">\n\t\t\t\t\t\t<div class=\"elementor-element elementor-element-4d736fc elementor-widget elementor-widget-heading\" data-id=\"4d736fc\" data-element_type=\"widget\" data-e-type=\"widget\" data-widget_type=\"heading.default\">\n\t\t\t\t<div class=\"elementor-widget-container\">\n\t\t\t\t\t<h2 class=\"elementor-heading-title elementor-size-default\"><a href=\"https:\/\/ticino-gastronomico.ch\/de\/kulinarisches\/\" target=\"_blank\">Kulinarisches<\/a><\/h2>\t\t\t\t<\/div>\n\t\t\t\t<\/div>\n\t\t\t\t\t<\/div>\n\t\t<\/div>\n\t\t\t\t<div class=\"elementor-column elementor-col-25 elementor-inner-column elementor-element elementor-element-955584f\" data-id=\"955584f\" data-element_type=\"column\" data-e-type=\"column\" data-settings=\"{&quot;background_background&quot;:&quot;classic&quot;}\">\n\t\t\t<div class=\"elementor-widget-wrap elementor-element-populated\">\n\t\t\t\t\t\t<div class=\"elementor-element elementor-element-b00f8ed elementor-widget elementor-widget-heading\" data-id=\"b00f8ed\" data-element_type=\"widget\" data-e-type=\"widget\" data-widget_type=\"heading.default\">\n\t\t\t\t<div class=\"elementor-widget-container\">\n\t\t\t\t\t<h2 class=\"elementor-heading-title elementor-size-default\"><a href=\"https:\/\/ticino-gastronomico.ch\/de\/veranstaltungen\/\" target=\"_blank\">Ereignisse<\/a><\/h2>\t\t\t\t<\/div>\n\t\t\t\t<\/div>\n\t\t\t\t\t<\/div>\n\t\t<\/div>\n\t\t\t\t<div class=\"elementor-column elementor-col-25 elementor-inner-column elementor-element elementor-element-b0e6216\" data-id=\"b0e6216\" data-element_type=\"column\" data-e-type=\"column\" data-settings=\"{&quot;background_background&quot;:&quot;classic&quot;}\">\n\t\t\t<div class=\"elementor-widget-wrap elementor-element-populated\">\n\t\t\t\t\t\t<div class=\"elementor-element elementor-element-9baa3c0 elementor-widget elementor-widget-heading\" data-id=\"9baa3c0\" data-element_type=\"widget\" data-e-type=\"widget\" data-widget_type=\"heading.default\">\n\t\t\t\t<div class=\"elementor-widget-container\">\n\t\t\t\t\t<h2 class=\"elementor-heading-title elementor-size-default\"><a href=\"https:\/\/ticino-gastronomico.ch\/de\/nachrichten\/\" target=\"_blank\">Ideen<\/a><\/h2>\t\t\t\t<\/div>\n\t\t\t\t<\/div>\n\t\t\t\t\t<\/div>\n\t\t<\/div>\n\t\t\t\t\t<\/div>\n\t\t<\/section>\n\t\t\t\t\t<\/div>\n\t\t<\/div>\n\t\t\t\t\t<\/div>\n\t\t<\/section>\n\t\t\t\t<section class=\"elementor-section elementor-top-section elementor-element elementor-element-66dd424f elementor-section-boxed elementor-section-height-default elementor-section-height-default\" data-id=\"66dd424f\" data-element_type=\"section\" data-e-type=\"section\" data-settings=\"{&quot;background_background&quot;:&quot;classic&quot;}\">\n\t\t\t\t\t\t<div class=\"elementor-container elementor-column-gap-default\">\n\t\t\t\t\t<div class=\"elementor-column elementor-col-100 elementor-top-column elementor-element elementor-element-e4ae2e3\" data-id=\"e4ae2e3\" data-element_type=\"column\" data-e-type=\"column\">\n\t\t\t<div class=\"elementor-widget-wrap elementor-element-populated\">\n\t\t\t\t\t\t<div class=\"elementor-element elementor-element-5cbffe2a elementor-invisible elementor-widget elementor-widget-heading\" data-id=\"5cbffe2a\" data-element_type=\"widget\" data-e-type=\"widget\" data-settings=\"{&quot;_animation&quot;:&quot;slideInUp&quot;}\" data-widget_type=\"heading.default\">\n\t\t\t\t<div class=\"elementor-widget-container\">\n\t\t\t\t\t<h2 class=\"elementor-heading-title elementor-size-default\">Neueste gastronomische Nachrichten<\/h2>\t\t\t\t<\/div>\n\t\t\t\t<\/div>\n\t\t\t\t<section class=\"elementor-section elementor-inner-section elementor-element elementor-element-a66b819 elementor-section-boxed elementor-section-height-default elementor-section-height-default\" data-id=\"a66b819\" data-element_type=\"section\" data-e-type=\"section\">\n\t\t\t\t\t\t<div class=\"elementor-container elementor-column-gap-default\">\n\t\t\t\t\t<div class=\"elementor-column elementor-col-100 elementor-inner-column elementor-element elementor-element-bfd52f9\" data-id=\"bfd52f9\" data-element_type=\"column\" data-e-type=\"column\">\n\t\t\t<div class=\"elementor-widget-wrap elementor-element-populated\">\n\t\t\t\t\t\t<div class=\"elementor-element elementor-element-9d35915 elementor-align-center elementor-widget__width-auto elementor-widget elementor-widget-button\" data-id=\"9d35915\" data-element_type=\"widget\" data-e-type=\"widget\" data-widget_type=\"button.default\">\n\t\t\t\t<div class=\"elementor-widget-container\">\n\t\t\t\t\t\t\t\t\t<div class=\"elementor-button-wrapper\">\n\t\t\t\t\t<a class=\"elementor-button elementor-button-link elementor-size-sm\" href=\"https:\/\/ticino-gastronomico.ch\/de\/gaststaetten-grotti\/\">\n\t\t\t\t\t\t<span class=\"elementor-button-content-wrapper\">\n\t\t\t\t\t\t\t\t\t<span class=\"elementor-button-text\">Gastst\u00e4tten &amp; Grotti<\/span>\n\t\t\t\t\t<\/span>\n\t\t\t\t\t<\/a>\n\t\t\t\t<\/div>\n\t\t\t\t\t\t\t\t<\/div>\n\t\t\t\t<\/div>\n\t\t\t\t<div class=\"elementor-element elementor-element-b4ccc14 elementor-align-center elementor-widget__width-auto elementor-widget elementor-widget-button\" data-id=\"b4ccc14\" data-element_type=\"widget\" data-e-type=\"widget\" data-widget_type=\"button.default\">\n\t\t\t\t<div class=\"elementor-widget-container\">\n\t\t\t\t\t\t\t\t\t<div class=\"elementor-button-wrapper\">\n\t\t\t\t\t<a class=\"elementor-button elementor-button-link elementor-size-sm\" href=\"https:\/\/ticino-gastronomico.ch\/de\/kulinarisches\/\">\n\t\t\t\t\t\t<span class=\"elementor-button-content-wrapper\">\n\t\t\t\t\t\t\t\t\t<span class=\"elementor-button-text\">Gesch\u00e4fte &amp; Weinstuben<\/span>\n\t\t\t\t\t<\/span>\n\t\t\t\t\t<\/a>\n\t\t\t\t<\/div>\n\t\t\t\t\t\t\t\t<\/div>\n\t\t\t\t<\/div>\n\t\t\t\t\t<\/div>\n\t\t<\/div>\n\t\t\t\t\t<\/div>\n\t\t<\/section>\n\t\t\t\t\t<\/div>\n\t\t<\/div>\n\t\t\t\t\t<\/div>\n\t\t<\/section>\n\t\t\t\t<section class=\"elementor-section elementor-top-section elementor-element elementor-element-bbbc717 elementor-section-boxed elementor-section-height-default elementor-section-height-default\" data-id=\"bbbc717\" data-element_type=\"section\" data-e-type=\"section\" data-settings=\"{&quot;background_background&quot;:&quot;classic&quot;}\">\n\t\t\t\t\t\t<div class=\"elementor-container elementor-column-gap-default\">\n\t\t\t\t\t<div class=\"elementor-column elementor-col-100 elementor-top-column elementor-element elementor-element-6b063dc\" data-id=\"6b063dc\" data-element_type=\"column\" data-e-type=\"column\">\n\t\t\t<div class=\"elementor-widget-wrap elementor-element-populated\">\n\t\t\t\t\t\t<div class=\"elementor-element elementor-element-8514b0a elementor-invisible elementor-widget elementor-widget-heading\" data-id=\"8514b0a\" data-element_type=\"widget\" data-e-type=\"widget\" data-settings=\"{&quot;_animation&quot;:&quot;slideInUp&quot;}\" data-widget_type=\"heading.default\">\n\t\t\t\t<div class=\"elementor-widget-container\">\n\t\t\t\t\t<h2 class=\"elementor-heading-title elementor-size-default\">Aktuelle Veranstaltungen im Tessin<\/h2>\t\t\t\t<\/div>\n\t\t\t\t<\/div>\n\t\t\t\t<div class=\"elementor-element elementor-element-9b1644b elementor-widget elementor-widget-MEC\" data-id=\"9b1644b\" data-element_type=\"widget\" data-e-type=\"widget\" data-widget_type=\"MEC.default\">\n\t\t\t\t<div class=\"elementor-widget-container\">\n\t\t\t\t\t<div id=\"mec_skin_529\" class=\"mec-wrap colorskin-custom  \">\r\n\r\n    \r\n    <div class=\"mec-tile\">\r\n        <div class=\"mec-calendar-topsec\">\r\n            <div class=\"mec-clear\">\r\n                                <div class=\"mec-skin-tile-month-navigator-container\">\r\n                    <div class=\"mec-month-navigator\" id=\"mec_month_navigator_529_202604\"><div class=\"mec-previous-month mec-load-month mec-previous-month\" data-mec-year=\"2026\" data-mec-month=\"03\"><a href=\"#\" class=\"mec-load-month-link\"><i class=\"mec-sl-angle-left\"><\/i> M\u00e4rz<\/a><\/div><div class=\"mec-calendar-header\"><h2>April 2026<\/h2><\/div><div class=\"mec-next-month mec-load-month mec-next-month\" data-mec-year=\"2026\" data-mec-month=\"05\"><a href=\"#\" class=\"mec-load-month-link\">Mai <i class=\"mec-sl-angle-right\"><\/i><\/a><\/div><\/div>\r\n                <\/div>\r\n                \r\n                <div class=\"mec-calendar-table\" id=\"mec_skin_events_529\">\r\n                                            <div class=\"mec-month-container mec-month-container-selected\" id=\"mec_tile_month_529_202604\" data-month-id=\"202604\"><div class=\"mec-wrap colorskin-custom\">\r\n    <div class=\"mec-event-tile-view\">\r\n            <\/div>\r\n    <\/div><\/div>\r\n                                    <\/div>\r\n\r\n                            <\/div>\r\n        <\/div>\r\n    <\/div>\r\n\r\n<\/div>\t\t\t\t<\/div>\n\t\t\t\t<\/div>\n\t\t\t\t\t<\/div>\n\t\t<\/div>\n\t\t\t\t\t<\/div>\n\t\t<\/section>\n\t\t\t\t<section class=\"elementor-section elementor-top-section elementor-element elementor-element-cf34fb6 elementor-section-boxed elementor-section-height-default elementor-section-height-default\" data-id=\"cf34fb6\" data-element_type=\"section\" data-e-type=\"section\" data-settings=\"{&quot;background_background&quot;:&quot;classic&quot;}\">\n\t\t\t\t\t\t<div class=\"elementor-container elementor-column-gap-default\">\n\t\t\t\t\t<div class=\"elementor-column elementor-col-100 elementor-top-column elementor-element elementor-element-06b1fa5\" data-id=\"06b1fa5\" data-element_type=\"column\" data-e-type=\"column\">\n\t\t\t<div class=\"elementor-widget-wrap elementor-element-populated\">\n\t\t\t\t\t\t<div class=\"elementor-element elementor-element-e036b05 elementor-invisible elementor-widget elementor-widget-heading\" data-id=\"e036b05\" data-element_type=\"widget\" data-e-type=\"widget\" data-settings=\"{&quot;_animation&quot;:&quot;slideInUp&quot;}\" data-widget_type=\"heading.default\">\n\t\t\t\t<div class=\"elementor-widget-container\">\n\t\t\t\t\t<h2 class=\"elementor-heading-title elementor-size-default\">Was kann man im Tessin unternehmen?<\/h2>\t\t\t\t<\/div>\n\t\t\t\t<\/div>\n\t\t\t\t\t<\/div>\n\t\t<\/div>\n\t\t\t\t\t<\/div>\n\t\t<\/section>\n\t\t\t\t<\/div>\n\t\t","protected":false},"excerpt":{"rendered":"<p>Am Tisch treffen wir uns, wir plaudern, wir entspannen uns, wir lachen&#8230; manchmal sto\u00dfen wir uns, aber gutes Essen wirkt wie ein Friedensstifter. Er ist in der Lage, auch am Ende eines anstrengenden Tages gute Laune zu verbreiten. (Antonino Cannavacciuolo) Gastro Kulinarisches Ereignisse Ideen Neueste gastronomische Nachrichten Gastst\u00e4tten &amp; Grotti Gesch\u00e4fte &amp; Weinstuben Aktuelle Veranstaltungen [&hellip;]<\/p>\n","protected":false},"author":3,"featured_media":0,"parent":0,"menu_order":0,"comment_status":"closed","ping_status":"closed","template":"elementor_header_footer","meta":{"_acf_changed":false,"_seopress_robots_primary_cat":"","_seopress_titles_title":"%%sitetitle%%","_seopress_titles_desc":"Hier finden Sie Gasth\u00e4user, Grotti und Restaurants aus dem ganzen Kanton mit ihren Spezialit\u00e4ten, auf bestimmte gastronomische Bereiche spezialisierte Gesch\u00e4fte, Weinhandlungen","_seopress_robots_index":"","footnotes":""},"class_list":["post-1364","page","type-page","status-publish","hentry"],"acf":[],"_links":{"self":[{"href":"https:\/\/ticino-gastronomico.ch\/de\/wp-json\/wp\/v2\/pages\/1364","targetHints":{"allow":["GET"]}}],"collection":[{"href":"https:\/\/ticino-gastronomico.ch\/de\/wp-json\/wp\/v2\/pages"}],"about":[{"href":"https:\/\/ticino-gastronomico.ch\/de\/wp-json\/wp\/v2\/types\/page"}],"author":[{"embeddable":true,"href":"https:\/\/ticino-gastronomico.ch\/de\/wp-json\/wp\/v2\/users\/3"}],"replies":[{"embeddable":true,"href":"https:\/\/ticino-gastronomico.ch\/de\/wp-json\/wp\/v2\/comments?post=1364"}],"version-history":[{"count":12,"href":"https:\/\/ticino-gastronomico.ch\/de\/wp-json\/wp\/v2\/pages\/1364\/revisions"}],"predecessor-version":[{"id":53099,"href":"https:\/\/ticino-gastronomico.ch\/de\/wp-json\/wp\/v2\/pages\/1364\/revisions\/53099"}],"wp:attachment":[{"href":"https:\/\/ticino-gastronomico.ch\/de\/wp-json\/wp\/v2\/media?parent=1364"}],"curies":[{"name":"wp","href":"https:\/\/api.w.org\/{rel}","templated":true}]}}