{"id":1404,"date":"2022-07-05T14:53:56","date_gmt":"2022-07-05T12:53:56","guid":{"rendered":"https:\/\/ticino-gastronomico.ch\/ueber-uns\/"},"modified":"2024-04-02T08:57:35","modified_gmt":"2024-04-02T06:57:35","slug":"ueber-uns","status":"publish","type":"page","link":"https:\/\/ticino-gastronomico.ch\/de\/ueber-uns\/","title":{"rendered":"\u00dcber uns"},"content":{"rendered":"\t\t<div data-elementor-type=\"wp-page\" data-elementor-id=\"1404\" class=\"elementor elementor-1404 elementor-313\" data-elementor-post-type=\"page\">\n\t\t\t\t\t\t<section class=\"elementor-section elementor-top-section elementor-element elementor-element-416cb983 elementor-section-boxed elementor-section-height-default elementor-section-height-default\" data-id=\"416cb983\" data-element_type=\"section\" data-e-type=\"section\" data-settings=\"{&quot;background_background&quot;:&quot;classic&quot;}\">\n\t\t\t\t\t\t<div class=\"elementor-container elementor-column-gap-default\">\n\t\t\t\t\t<div class=\"elementor-column elementor-col-100 elementor-top-column elementor-element elementor-element-7da69d5a\" data-id=\"7da69d5a\" data-element_type=\"column\" data-e-type=\"column\">\n\t\t\t<div class=\"elementor-widget-wrap elementor-element-populated\">\n\t\t\t\t\t\t<div class=\"elementor-element elementor-element-71164931 elementor-invisible elementor-widget elementor-widget-heading\" data-id=\"71164931\" data-element_type=\"widget\" data-e-type=\"widget\" data-settings=\"{&quot;_animation&quot;:&quot;slideInRight&quot;}\" data-widget_type=\"heading.default\">\n\t\t\t\t<div class=\"elementor-widget-container\">\n\t\t\t\t\t<h1 class=\"elementor-heading-title elementor-size-default\">Tessin Gastronomisch<\/h1>\t\t\t\t<\/div>\n\t\t\t\t<\/div>\n\t\t\t\t<div class=\"elementor-element elementor-element-26c05dae elementor-invisible elementor-widget elementor-widget-heading\" data-id=\"26c05dae\" data-element_type=\"widget\" data-e-type=\"widget\" data-settings=\"{&quot;_animation&quot;:&quot;fadeInRight&quot;,&quot;_animation_delay&quot;:300}\" data-widget_type=\"heading.default\">\n\t\t\t\t<div class=\"elementor-widget-container\">\n\t\t\t\t\t<h3 class=\"elementor-heading-title elementor-size-default\">Viel Spa\u00df mit dieser Website in jeder Hinsicht!\n\n<\/h3>\t\t\t\t<\/div>\n\t\t\t\t<\/div>\n\t\t\t\t<div class=\"elementor-element elementor-element-1adfa66b elementor-invisible elementor-widget elementor-widget-text-editor\" data-id=\"1adfa66b\" data-element_type=\"widget\" data-e-type=\"widget\" data-settings=\"{&quot;_animation_delay&quot;:600,&quot;_animation&quot;:&quot;fadeInRight&quot;}\" data-widget_type=\"text-editor.default\">\n\t\t\t\t<div class=\"elementor-widget-container\">\n\t\t\t\t\t\t\t\t\t<p>Hier ist eine Ecke im &#8222;Web&#8220;, die den Tessiner Restaurants die M\u00f6glichkeit geben will, sich auf zufriedenstellende Art und Weise bekannt zu machen!<br \/>Diese Seiten sollen einfach sein, aber gen\u00fcgend Informationen enthalten, um sich dem Web-Surfer plausibel zu pr\u00e4sentieren und vor allem sollen sie aktuell sein!<\/p>\n<p>Dort finden Sie Tavernen, Grotti und Restaurants aus dem ganzen Kanton mit ihren Spezialit\u00e4ten, Gesch\u00e4fte, die sich auf bestimmte gastronomische Bereiche spezialisiert haben, Weinhandlungen und f\u00fcr diejenigen, die ein Boot besitzen, n\u00fctzliche Adressen, um an den Ufern unserer beiden Seen zu essen.<\/p>\n\t\t\t\t\t\t\t\t<\/div>\n\t\t\t\t<\/div>\n\t\t\t\t\t<\/div>\n\t\t<\/div>\n\t\t\t\t\t<\/div>\n\t\t<\/section>\n\t\t\t\t<section class=\"elementor-section elementor-top-section elementor-element elementor-element-48d740e elementor-section-boxed elementor-section-height-default elementor-section-height-default\" data-id=\"48d740e\" data-element_type=\"section\" data-e-type=\"section\" data-settings=\"{&quot;background_background&quot;:&quot;classic&quot;}\">\n\t\t\t\t\t\t<div class=\"elementor-container elementor-column-gap-default\">\n\t\t\t\t\t<div class=\"elementor-column elementor-col-50 elementor-top-column elementor-element elementor-element-511c2d42\" data-id=\"511c2d42\" data-element_type=\"column\" data-e-type=\"column\">\n\t\t\t<div class=\"elementor-widget-wrap elementor-element-populated\">\n\t\t\t\t\t\t<section class=\"elementor-section elementor-inner-section elementor-element elementor-element-1960ca0f elementor-section-boxed elementor-section-height-default elementor-section-height-default elementor-invisible\" data-id=\"1960ca0f\" data-element_type=\"section\" data-e-type=\"section\" data-settings=\"{&quot;animation&quot;:&quot;fadeInRight&quot;}\">\n\t\t\t\t\t\t<div class=\"elementor-container elementor-column-gap-default\">\n\t\t\t\t\t<div class=\"elementor-column elementor-col-100 elementor-inner-column elementor-element elementor-element-3d01076b\" data-id=\"3d01076b\" data-element_type=\"column\" data-e-type=\"column\">\n\t\t\t<div class=\"elementor-widget-wrap elementor-element-populated\">\n\t\t\t\t\t\t<div class=\"elementor-element elementor-element-36b870aa elementor-invisible elementor-widget elementor-widget-text-editor\" data-id=\"36b870aa\" data-element_type=\"widget\" data-e-type=\"widget\" data-settings=\"{&quot;_animation_delay&quot;:600,&quot;_animation&quot;:&quot;fadeInRight&quot;}\" data-widget_type=\"text-editor.default\">\n\t\t\t\t<div class=\"elementor-widget-container\">\n\t\t\t\t\t\t\t\t\t<p>Wir freuen uns \u00fcber Vorschl\u00e4ge f\u00fcr gastronomische Einrichtungen<br \/>die allen bekannt gemacht werden m\u00fcssen!<\/p>\n<p>Das Team von Ticino-gastronomic freut sich darauf, Sie immer besser kennen zu lernen<br \/>die Tessiner Gastronomiewelt.<\/p>\n\t\t\t\t\t\t\t\t<\/div>\n\t\t\t\t<\/div>\n\t\t\t\t\t<\/div>\n\t\t<\/div>\n\t\t\t\t\t<\/div>\n\t\t<\/section>\n\t\t\t\t\t<\/div>\n\t\t<\/div>\n\t\t\t\t<div class=\"elementor-column elementor-col-50 elementor-top-column elementor-element elementor-element-ead9849\" data-id=\"ead9849\" data-element_type=\"column\" data-e-type=\"column\">\n\t\t\t<div class=\"elementor-widget-wrap elementor-element-populated\">\n\t\t\t\t\t\t<div class=\"elementor-element elementor-element-7335b7c elementor-invisible elementor-widget elementor-widget-image\" data-id=\"7335b7c\" data-element_type=\"widget\" data-e-type=\"widget\" data-settings=\"{&quot;_animation&quot;:&quot;fadeInUp&quot;,&quot;_animation_delay&quot;:900}\" data-widget_type=\"image.default\">\n\t\t\t\t<div class=\"elementor-widget-container\">\n\t\t\t\t\t\t\t\t\t\t\t\t\t\t\t<img decoding=\"async\" src=\"https:\/\/ticino-gastronomico.ch\/wp-content\/uploads\/elementor\/thumbs\/kimiya-oveisi-IISXk1y10pw-unsplash-qiu4yaozrz6kx23g3tketgxetmxubr4ssw3hevq4vo.jpg\" title=\"kimiya-oveisi-IISXk1y10pw-unsplash.jpg\" alt=\"kimiya-oveisi-IISXk1y10pw-unsplash.jpg\" loading=\"lazy\" class=\"no-lazyload\" \/>\t\t\t\t\t\t\t\t\t\t\t\t\t\t\t<\/div>\n\t\t\t\t<\/div>\n\t\t\t\t\t<\/div>\n\t\t<\/div>\n\t\t\t\t\t<\/div>\n\t\t<\/section>\n\t\t\t\t<\/div>\n\t\t","protected":false},"excerpt":{"rendered":"<p>Tessin Gastronomisch Viel Spa\u00df mit dieser Website in jeder Hinsicht! Hier ist eine Ecke im &#8222;Web&#8220;, die den Tessiner Restaurants die M\u00f6glichkeit geben will, sich auf zufriedenstellende Art und Weise bekannt zu machen!Diese Seiten sollen einfach sein, aber gen\u00fcgend Informationen enthalten, um sich dem Web-Surfer plausibel zu pr\u00e4sentieren und vor allem sollen sie aktuell sein! [&hellip;]<\/p>\n","protected":false},"author":3,"featured_media":0,"parent":0,"menu_order":0,"comment_status":"closed","ping_status":"closed","template":"elementor_header_footer","meta":{"_acf_changed":false,"_seopress_robots_primary_cat":"","_seopress_titles_title":"","_seopress_titles_desc":"","_seopress_robots_index":"","footnotes":""},"class_list":["post-1404","page","type-page","status-publish","hentry"],"acf":[],"_links":{"self":[{"href":"https:\/\/ticino-gastronomico.ch\/de\/wp-json\/wp\/v2\/pages\/1404","targetHints":{"allow":["GET"]}}],"collection":[{"href":"https:\/\/ticino-gastronomico.ch\/de\/wp-json\/wp\/v2\/pages"}],"about":[{"href":"https:\/\/ticino-gastronomico.ch\/de\/wp-json\/wp\/v2\/types\/page"}],"author":[{"embeddable":true,"href":"https:\/\/ticino-gastronomico.ch\/de\/wp-json\/wp\/v2\/users\/3"}],"replies":[{"embeddable":true,"href":"https:\/\/ticino-gastronomico.ch\/de\/wp-json\/wp\/v2\/comments?post=1404"}],"version-history":[{"count":4,"href":"https:\/\/ticino-gastronomico.ch\/de\/wp-json\/wp\/v2\/pages\/1404\/revisions"}],"predecessor-version":[{"id":53833,"href":"https:\/\/ticino-gastronomico.ch\/de\/wp-json\/wp\/v2\/pages\/1404\/revisions\/53833"}],"wp:attachment":[{"href":"https:\/\/ticino-gastronomico.ch\/de\/wp-json\/wp\/v2\/media?parent=1404"}],"curies":[{"name":"wp","href":"https:\/\/api.w.org\/{rel}","templated":true}]}}