{"id":1375,"date":"2022-07-05T11:58:56","date_gmt":"2022-07-05T09:58:56","guid":{"rendered":"https:\/\/ticino-gastronomico.ch\/accueil\/"},"modified":"2024-01-25T18:49:13","modified_gmt":"2024-01-25T17:49:13","slug":"accueil","status":"publish","type":"page","link":"https:\/\/ticino-gastronomico.ch\/fr\/","title":{"rendered":"Home"},"content":{"rendered":"\t\t<div data-elementor-type=\"wp-page\" data-elementor-id=\"1375\" class=\"elementor elementor-1375 elementor-230\" data-elementor-post-type=\"page\">\n\t\t\t\t\t\t<section class=\"elementor-section elementor-top-section elementor-element elementor-element-68f86e58 elementor-section-stretched elementor-section-height-min-height elementor-section-items-bottom elementor-section-boxed elementor-section-height-default no-lazyload\" data-id=\"68f86e58\" data-element_type=\"section\" data-e-type=\"section\" data-settings=\"{&quot;stretch_section&quot;:&quot;section-stretched&quot;,&quot;background_background&quot;:&quot;slideshow&quot;,&quot;background_slideshow_gallery&quot;:[{&quot;id&quot;:783,&quot;url&quot;:&quot;https:\\\/\\\/ticino-gastronomico.ch\\\/wp-content\\\/uploads\\\/2022\\\/07\\\/lago_maggiore_centovalli_panoramica1.jpeg&quot;},{&quot;id&quot;:782,&quot;url&quot;:&quot;https:\\\/\\\/ticino-gastronomico.ch\\\/wp-content\\\/uploads\\\/2022\\\/07\\\/castelgrande_bellinzona.jpeg&quot;},{&quot;id&quot;:697,&quot;url&quot;:&quot;https:\\\/\\\/ticino-gastronomico.ch\\\/wp-content\\\/uploads\\\/2022\\\/07\\\/bottles-of-red-wine.jpg&quot;},{&quot;id&quot;:698,&quot;url&quot;:&quot;https:\\\/\\\/ticino-gastronomico.ch\\\/wp-content\\\/uploads\\\/2022\\\/07\\\/variety-of-different-cheese-with-wine-and-fruits.jpg&quot;},{&quot;id&quot;:416,&quot;url&quot;:&quot;https:\\\/\\\/ticino-gastronomico.ch\\\/wp-content\\\/uploads\\\/2022\\\/07\\\/gudo-ticino-svizzera.jpg&quot;},{&quot;id&quot;:276,&quot;url&quot;:&quot;https:\\\/\\\/ticino-gastronomico.ch\\\/wp-content\\\/uploads\\\/2022\\\/07\\\/wine-bottles-on-a-shelf.jpg&quot;},{&quot;id&quot;:323,&quot;url&quot;:&quot;https:\\\/\\\/ticino-gastronomico.ch\\\/wp-content\\\/uploads\\\/2022\\\/07\\\/a-glass-of-white-wine-served-with-cheese-in-a-cutting-board-on-dark-background.jpg&quot;},{&quot;id&quot;:143,&quot;url&quot;:&quot;https:\\\/\\\/ticino-gastronomico.ch\\\/wp-content\\\/uploads\\\/2022\\\/07\\\/castelgrande-bellinzona-ticino-switzerland.jpg&quot;},{&quot;id&quot;:154,&quot;url&quot;:&quot;https:\\\/\\\/ticino-gastronomico.ch\\\/wp-content\\\/uploads\\\/2022\\\/07\\\/lugano-city-and-lake-.jpg&quot;},{&quot;id&quot;:155,&quot;url&quot;:&quot;https:\\\/\\\/ticino-gastronomico.ch\\\/wp-content\\\/uploads\\\/2022\\\/07\\\/aerial-view-of-lugano.jpg&quot;},{&quot;id&quot;:862,&quot;url&quot;:&quot;https:\\\/\\\/ticino-gastronomico.ch\\\/wp-content\\\/uploads\\\/2022\\\/07\\\/madonna_del_sasso7-1.jpg.2018-07-18-15-52-48-1920-x-700-1.jpg&quot;}],&quot;background_slideshow_loop&quot;:&quot;yes&quot;,&quot;background_slideshow_slide_duration&quot;:5000,&quot;background_slideshow_slide_transition&quot;:&quot;fade&quot;,&quot;background_slideshow_transition_duration&quot;:500}\">\n\t\t\t\t\t\t<div class=\"elementor-container elementor-column-gap-default\">\n\t\t\t\t\t<div class=\"elementor-column elementor-col-100 elementor-top-column elementor-element elementor-element-1f12e8be\" data-id=\"1f12e8be\" data-element_type=\"column\" data-e-type=\"column\">\n\t\t\t<div class=\"elementor-widget-wrap\">\n\t\t\t\t\t\t\t<\/div>\n\t\t<\/div>\n\t\t\t\t\t<\/div>\n\t\t<\/section>\n\t\t\t\t<section class=\"elementor-section elementor-top-section elementor-element elementor-element-8e87698 elementor-section-boxed elementor-section-height-default elementor-section-height-default\" data-id=\"8e87698\" data-element_type=\"section\" data-e-type=\"section\">\n\t\t\t\t\t\t<div class=\"elementor-container elementor-column-gap-default\">\n\t\t\t\t\t<div class=\"elementor-column elementor-col-100 elementor-top-column elementor-element elementor-element-1757a7a\" data-id=\"1757a7a\" data-element_type=\"column\" data-e-type=\"column\">\n\t\t\t<div class=\"elementor-widget-wrap elementor-element-populated\">\n\t\t\t\t\t\t<div class=\"elementor-element elementor-element-f8aeadf elementor-widget elementor-widget-heading\" data-id=\"f8aeadf\" data-element_type=\"widget\" data-e-type=\"widget\" data-widget_type=\"heading.default\">\n\t\t\t\t<div class=\"elementor-widget-container\">\n\t\t\t\t\t<h2 class=\"elementor-heading-title elementor-size-default\">\u00c0 table, on se rencontre, on discute, on se d\u00e9tend, on rit... parfois on se pique, mais la bonne nourriture agit comme un pacificateur. Il est capable de redonner la bonne humeur m\u00eame \u00e0 la fin d'une journ\u00e9e fatigante. (Antonino Cannavacciuolo)\n<\/h2>\t\t\t\t<\/div>\n\t\t\t\t<\/div>\n\t\t\t\t<section class=\"elementor-section elementor-inner-section elementor-element elementor-element-9f9a3fe elementor-section-height-min-height elementor-section-boxed elementor-section-height-default\" data-id=\"9f9a3fe\" data-element_type=\"section\" data-e-type=\"section\">\n\t\t\t\t\t\t<div class=\"elementor-container elementor-column-gap-default\">\n\t\t\t\t\t<div class=\"elementor-column elementor-col-25 elementor-inner-column elementor-element elementor-element-d935ef2\" data-id=\"d935ef2\" data-element_type=\"column\" data-e-type=\"column\" data-settings=\"{&quot;background_background&quot;:&quot;classic&quot;}\">\n\t\t\t<div class=\"elementor-widget-wrap elementor-element-populated\">\n\t\t\t\t\t\t<div class=\"elementor-element elementor-element-7d85ef7 elementor-widget elementor-widget-heading\" data-id=\"7d85ef7\" data-element_type=\"widget\" data-e-type=\"widget\" data-widget_type=\"heading.default\">\n\t\t\t\t<div class=\"elementor-widget-container\">\n\t\t\t\t\t<h2 class=\"elementor-heading-title elementor-size-default\"><a href=\"https:\/\/ticino-gastronomico.ch\/fr\/restaurants-grotti\/\" target=\"_blank\">Gastro<\/a><\/h2>\t\t\t\t<\/div>\n\t\t\t\t<\/div>\n\t\t\t\t\t<\/div>\n\t\t<\/div>\n\t\t\t\t<div class=\"elementor-column elementor-col-25 elementor-inner-column elementor-element elementor-element-45f08a0\" data-id=\"45f08a0\" data-element_type=\"column\" data-e-type=\"column\" data-settings=\"{&quot;background_background&quot;:&quot;classic&quot;}\">\n\t\t\t<div class=\"elementor-widget-wrap elementor-element-populated\">\n\t\t\t\t\t\t<div class=\"elementor-element elementor-element-4d736fc elementor-widget elementor-widget-heading\" data-id=\"4d736fc\" data-element_type=\"widget\" data-e-type=\"widget\" data-widget_type=\"heading.default\">\n\t\t\t\t<div class=\"elementor-widget-container\">\n\t\t\t\t\t<h2 class=\"elementor-heading-title elementor-size-default\"><a href=\"https:\/\/ticino-gastronomico.ch\/fr\/culinaire\/\" target=\"_blank\">Culinaire<\/a><\/h2>\t\t\t\t<\/div>\n\t\t\t\t<\/div>\n\t\t\t\t\t<\/div>\n\t\t<\/div>\n\t\t\t\t<div class=\"elementor-column elementor-col-25 elementor-inner-column elementor-element elementor-element-955584f\" data-id=\"955584f\" data-element_type=\"column\" data-e-type=\"column\" data-settings=\"{&quot;background_background&quot;:&quot;classic&quot;}\">\n\t\t\t<div class=\"elementor-widget-wrap elementor-element-populated\">\n\t\t\t\t\t\t<div class=\"elementor-element elementor-element-b00f8ed elementor-widget elementor-widget-heading\" data-id=\"b00f8ed\" data-element_type=\"widget\" data-e-type=\"widget\" data-widget_type=\"heading.default\">\n\t\t\t\t<div class=\"elementor-widget-container\">\n\t\t\t\t\t<h2 class=\"elementor-heading-title elementor-size-default\"><a href=\"https:\/\/ticino-gastronomico.ch\/fr\/evenements\/\" target=\"_blank\">Ev\u00e9nements<\/a><\/h2>\t\t\t\t<\/div>\n\t\t\t\t<\/div>\n\t\t\t\t\t<\/div>\n\t\t<\/div>\n\t\t\t\t<div class=\"elementor-column elementor-col-25 elementor-inner-column elementor-element elementor-element-b0e6216\" data-id=\"b0e6216\" data-element_type=\"column\" data-e-type=\"column\" data-settings=\"{&quot;background_background&quot;:&quot;classic&quot;}\">\n\t\t\t<div class=\"elementor-widget-wrap elementor-element-populated\">\n\t\t\t\t\t\t<div class=\"elementor-element elementor-element-9baa3c0 elementor-widget elementor-widget-heading\" data-id=\"9baa3c0\" data-element_type=\"widget\" data-e-type=\"widget\" data-widget_type=\"heading.default\">\n\t\t\t\t<div class=\"elementor-widget-container\">\n\t\t\t\t\t<h2 class=\"elementor-heading-title elementor-size-default\"><a href=\"https:\/\/ticino-gastronomico.ch\/fr\/nouvelles\/\" target=\"_blank\">Id\u00e9es<\/a><\/h2>\t\t\t\t<\/div>\n\t\t\t\t<\/div>\n\t\t\t\t\t<\/div>\n\t\t<\/div>\n\t\t\t\t\t<\/div>\n\t\t<\/section>\n\t\t\t\t\t<\/div>\n\t\t<\/div>\n\t\t\t\t\t<\/div>\n\t\t<\/section>\n\t\t\t\t<section class=\"elementor-section elementor-top-section elementor-element elementor-element-66dd424f elementor-section-boxed elementor-section-height-default elementor-section-height-default\" data-id=\"66dd424f\" data-element_type=\"section\" data-e-type=\"section\" data-settings=\"{&quot;background_background&quot;:&quot;classic&quot;}\">\n\t\t\t\t\t\t<div class=\"elementor-container elementor-column-gap-default\">\n\t\t\t\t\t<div class=\"elementor-column elementor-col-100 elementor-top-column elementor-element elementor-element-e4ae2e3\" data-id=\"e4ae2e3\" data-element_type=\"column\" data-e-type=\"column\">\n\t\t\t<div class=\"elementor-widget-wrap elementor-element-populated\">\n\t\t\t\t\t\t<div class=\"elementor-element elementor-element-5cbffe2a elementor-invisible elementor-widget elementor-widget-heading\" data-id=\"5cbffe2a\" data-element_type=\"widget\" data-e-type=\"widget\" data-settings=\"{&quot;_animation&quot;:&quot;slideInUp&quot;}\" data-widget_type=\"heading.default\">\n\t\t\t\t<div class=\"elementor-widget-container\">\n\t\t\t\t\t<h2 class=\"elementor-heading-title elementor-size-default\">Derni\u00e8res nouvelles gastronomiques<\/h2>\t\t\t\t<\/div>\n\t\t\t\t<\/div>\n\t\t\t\t<section class=\"elementor-section elementor-inner-section elementor-element elementor-element-a66b819 elementor-section-boxed elementor-section-height-default elementor-section-height-default\" data-id=\"a66b819\" data-element_type=\"section\" data-e-type=\"section\">\n\t\t\t\t\t\t<div class=\"elementor-container elementor-column-gap-default\">\n\t\t\t\t\t<div class=\"elementor-column elementor-col-100 elementor-inner-column elementor-element elementor-element-bfd52f9\" data-id=\"bfd52f9\" data-element_type=\"column\" data-e-type=\"column\">\n\t\t\t<div class=\"elementor-widget-wrap elementor-element-populated\">\n\t\t\t\t\t\t<div class=\"elementor-element elementor-element-9d35915 elementor-align-center elementor-widget__width-auto elementor-widget elementor-widget-button\" data-id=\"9d35915\" data-element_type=\"widget\" data-e-type=\"widget\" data-widget_type=\"button.default\">\n\t\t\t\t<div class=\"elementor-widget-container\">\n\t\t\t\t\t\t\t\t\t<div class=\"elementor-button-wrapper\">\n\t\t\t\t\t<a class=\"elementor-button elementor-button-link elementor-size-sm\" href=\"https:\/\/ticino-gastronomico.ch\/fr\/restaurants-grotti\/\">\n\t\t\t\t\t\t<span class=\"elementor-button-content-wrapper\">\n\t\t\t\t\t\t\t\t\t<span class=\"elementor-button-text\">Restaurants &amp; Grotti<\/span>\n\t\t\t\t\t<\/span>\n\t\t\t\t\t<\/a>\n\t\t\t\t<\/div>\n\t\t\t\t\t\t\t\t<\/div>\n\t\t\t\t<\/div>\n\t\t\t\t<div class=\"elementor-element elementor-element-b4ccc14 elementor-align-center elementor-widget__width-auto elementor-widget elementor-widget-button\" data-id=\"b4ccc14\" data-element_type=\"widget\" data-e-type=\"widget\" data-widget_type=\"button.default\">\n\t\t\t\t<div class=\"elementor-widget-container\">\n\t\t\t\t\t\t\t\t\t<div class=\"elementor-button-wrapper\">\n\t\t\t\t\t<a class=\"elementor-button elementor-button-link elementor-size-sm\" href=\"https:\/\/ticino-gastronomico.ch\/fr\/culinaire\/\">\n\t\t\t\t\t\t<span class=\"elementor-button-content-wrapper\">\n\t\t\t\t\t\t\t\t\t<span class=\"elementor-button-text\">Boutiques et bars \u00e0 vin<\/span>\n\t\t\t\t\t<\/span>\n\t\t\t\t\t<\/a>\n\t\t\t\t<\/div>\n\t\t\t\t\t\t\t\t<\/div>\n\t\t\t\t<\/div>\n\t\t\t\t\t<\/div>\n\t\t<\/div>\n\t\t\t\t\t<\/div>\n\t\t<\/section>\n\t\t\t\t\t<\/div>\n\t\t<\/div>\n\t\t\t\t\t<\/div>\n\t\t<\/section>\n\t\t\t\t<section class=\"elementor-section elementor-top-section elementor-element elementor-element-bbbc717 elementor-section-boxed elementor-section-height-default elementor-section-height-default\" data-id=\"bbbc717\" data-element_type=\"section\" data-e-type=\"section\" data-settings=\"{&quot;background_background&quot;:&quot;classic&quot;}\">\n\t\t\t\t\t\t<div class=\"elementor-container elementor-column-gap-default\">\n\t\t\t\t\t<div class=\"elementor-column elementor-col-100 elementor-top-column elementor-element elementor-element-6b063dc\" data-id=\"6b063dc\" data-element_type=\"column\" data-e-type=\"column\">\n\t\t\t<div class=\"elementor-widget-wrap elementor-element-populated\">\n\t\t\t\t\t\t<div class=\"elementor-element elementor-element-8514b0a elementor-invisible elementor-widget elementor-widget-heading\" data-id=\"8514b0a\" data-element_type=\"widget\" data-e-type=\"widget\" data-settings=\"{&quot;_animation&quot;:&quot;slideInUp&quot;}\" data-widget_type=\"heading.default\">\n\t\t\t\t<div class=\"elementor-widget-container\">\n\t\t\t\t\t<h2 class=\"elementor-heading-title elementor-size-default\">Derniers \u00e9v\u00e9nements au Tessin<\/h2>\t\t\t\t<\/div>\n\t\t\t\t<\/div>\n\t\t\t\t<div class=\"elementor-element elementor-element-9b1644b elementor-widget elementor-widget-MEC\" data-id=\"9b1644b\" data-element_type=\"widget\" data-e-type=\"widget\" data-widget_type=\"MEC.default\">\n\t\t\t\t<div class=\"elementor-widget-container\">\n\t\t\t\t\t<div id=\"mec_skin_529\" class=\"mec-wrap colorskin-custom  \">\r\n\r\n    \r\n    <div class=\"mec-tile\">\r\n        <div class=\"mec-calendar-topsec\">\r\n            <div class=\"mec-clear\">\r\n                                <div class=\"mec-skin-tile-month-navigator-container\">\r\n                    <div class=\"mec-month-navigator\" id=\"mec_month_navigator_529_202605\"><div class=\"mec-previous-month mec-load-month mec-previous-month\" data-mec-year=\"2026\" data-mec-month=\"04\"><a href=\"#\" class=\"mec-load-month-link\"><i class=\"mec-sl-angle-left\"><\/i> avril<\/a><\/div><div class=\"mec-calendar-header\"><h2>mai 2026<\/h2><\/div><div class=\"mec-next-month mec-load-month mec-next-month\" data-mec-year=\"2026\" data-mec-month=\"06\"><a href=\"#\" class=\"mec-load-month-link\">juin <i class=\"mec-sl-angle-right\"><\/i><\/a><\/div><\/div>\r\n                <\/div>\r\n                \r\n                <div class=\"mec-calendar-table\" id=\"mec_skin_events_529\">\r\n                                            <div class=\"mec-month-container mec-month-container-selected\" id=\"mec_tile_month_529_202605\" data-month-id=\"202605\"><div class=\"mec-wrap colorskin-custom\">\r\n    <div class=\"mec-event-tile-view\">\r\n        <div class=\"row\"><div class=\"col-md-3 col-sm-3\">                    <article  data-href=\"https:\/\/ticino-gastronomico.ch\/fr\/evento\/caves-ouvertes-lugano-et-mendrisiotto\/\" data-target=\"blank\" style=\"background:#a3b745 url('https:\/\/ticino-gastronomico.ch\/wp-content\/uploads\/2026\/04\/tenuta-san-giorgio_agno.avif')\" class=\"  mec-event-article mec-tile-item tile-multipleday-event mec-clear no-lazyload  \">\r\n                                                                        <div class=\"event-tile-view-head clearfix\">\r\n                                                            <div class=\"mec-event-month\"><span class=\"mec-start-date-label\">16 - 17 Mai<\/span><\/div>\r\n                                                        <div class=\"mec-event-time\"><i class=\"mec-sl-clock\"><\/i>Journ\u00e9e enti\u00e8re<\/div>\r\n                        <\/div>\r\n                        <div class=\"mec-event-content\" data-target=\"blank\" data-event-id=\"54494\">\r\n                            <a href=\"https:\/\/ticino-gastronomico.ch\/fr\/evento\/caves-ouvertes-lugano-et-mendrisiotto\/\" target=\"blank\" class=\"mec-tile-into-content-link\"><\/a>                            <div class=\"mec-tile-event-content\">\r\n                                <div class=\"mec-event-detail\">\r\n                                                                                                                                                                                <\/div>\r\n                                                                <h4 class=\"mec-event-title\"><a class=\"mec-color-hover\" data-event-id=\"54494\" href=\"https:\/\/ticino-gastronomico.ch\/fr\/evento\/caves-ouvertes-lugano-et-mendrisiotto\/\" target=\"_blank\" rel=\"noopener\">Caves ouvertes &#8211; Lugano et Mendrisiotto<\/a><\/h4>\r\n                                                            <\/div>\r\n                        <\/div>\r\n                    <\/article>\r\n                <\/div>                    <div class=\"col-md-3 col-sm-3\">                    <article  data-href=\"https:\/\/ticino-gastronomico.ch\/fr\/evento\/caves-ouvertes-region-de-locarno-et-bellinzona\/\" data-target=\"blank\" style=\"background:#e14d43 url('https:\/\/ticino-gastronomico.ch\/wp-content\/uploads\/2026\/04\/cantina_ronchi-biaggi-300x400.webp')\" class=\"  mec-event-article mec-tile-item tile-multipleday-event mec-clear no-lazyload  \">\r\n                                                                        <div class=\"event-tile-view-head clearfix\">\r\n                                                            <div class=\"mec-event-month\"><span class=\"mec-start-date-label\">23 - 24 Mai<\/span><\/div>\r\n                                                        <div class=\"mec-event-time\"><i class=\"mec-sl-clock\"><\/i>Journ\u00e9e enti\u00e8re<\/div>\r\n                        <\/div>\r\n                        <div class=\"mec-event-content\" data-target=\"blank\" data-event-id=\"54496\">\r\n                            <a href=\"https:\/\/ticino-gastronomico.ch\/fr\/evento\/caves-ouvertes-region-de-locarno-et-bellinzona\/\" target=\"blank\" class=\"mec-tile-into-content-link\"><\/a>                            <div class=\"mec-tile-event-content\">\r\n                                <div class=\"mec-event-detail\">\r\n                                                                                                                                                                                <\/div>\r\n                                                                <h4 class=\"mec-event-title\"><a class=\"mec-color-hover\" data-event-id=\"54496\" href=\"https:\/\/ticino-gastronomico.ch\/fr\/evento\/caves-ouvertes-region-de-locarno-et-bellinzona\/\" target=\"_blank\" rel=\"noopener\">Caves ouvertes &#8211; R\u00e9gion de Locarno et Bellinzona<\/a><\/h4>\r\n                                                            <\/div>\r\n                        <\/div>\r\n                    <\/article>\r\n                <\/div>                        <\/div>\r\n    <\/div><\/div><\/div>\r\n                                    <\/div>\r\n\r\n                            <\/div>\r\n        <\/div>\r\n    <\/div>\r\n\r\n<\/div>\t\t\t\t<\/div>\n\t\t\t\t<\/div>\n\t\t\t\t\t<\/div>\n\t\t<\/div>\n\t\t\t\t\t<\/div>\n\t\t<\/section>\n\t\t\t\t<section class=\"elementor-section elementor-top-section elementor-element elementor-element-cf34fb6 elementor-section-boxed elementor-section-height-default elementor-section-height-default\" data-id=\"cf34fb6\" data-element_type=\"section\" data-e-type=\"section\" data-settings=\"{&quot;background_background&quot;:&quot;classic&quot;}\">\n\t\t\t\t\t\t<div class=\"elementor-container elementor-column-gap-default\">\n\t\t\t\t\t<div class=\"elementor-column elementor-col-100 elementor-top-column elementor-element elementor-element-06b1fa5\" data-id=\"06b1fa5\" data-element_type=\"column\" data-e-type=\"column\">\n\t\t\t<div class=\"elementor-widget-wrap elementor-element-populated\">\n\t\t\t\t\t\t<div class=\"elementor-element elementor-element-e036b05 elementor-invisible elementor-widget elementor-widget-heading\" data-id=\"e036b05\" data-element_type=\"widget\" data-e-type=\"widget\" data-settings=\"{&quot;_animation&quot;:&quot;slideInUp&quot;}\" data-widget_type=\"heading.default\">\n\t\t\t\t<div class=\"elementor-widget-container\">\n\t\t\t\t\t<h2 class=\"elementor-heading-title elementor-size-default\">Que faire au Tessin ?<\/h2>\t\t\t\t<\/div>\n\t\t\t\t<\/div>\n\t\t\t\t\t<\/div>\n\t\t<\/div>\n\t\t\t\t\t<\/div>\n\t\t<\/section>\n\t\t\t\t<\/div>\n\t\t","protected":false},"excerpt":{"rendered":"<p>\u00c0 table, on se rencontre, on discute, on se d\u00e9tend, on rit&#8230; parfois on se pique, mais la bonne nourriture agit comme un pacificateur. Il est capable de redonner la bonne humeur m\u00eame \u00e0 la fin d&rsquo;une journ\u00e9e fatigante. (Antonino Cannavacciuolo) Gastro Culinaire Ev\u00e9nements Id\u00e9es Derni\u00e8res nouvelles gastronomiques Restaurants &amp; Grotti Boutiques et bars \u00e0 [&hellip;]<\/p>\n","protected":false},"author":3,"featured_media":0,"parent":0,"menu_order":0,"comment_status":"closed","ping_status":"closed","template":"elementor_header_footer","meta":{"_acf_changed":false,"_seopress_robots_primary_cat":"","_seopress_titles_title":"%%sitetitle%%","_seopress_titles_desc":"Vous trouverez des auberges, grotti et restaurants de tout le canton avec leurs sp\u00e9cialit\u00e9s, des magasins sp\u00e9cialis\u00e9s dans des secteurs gastronomiques sp\u00e9cifiques, des \u0153noth\u00e8ques","_seopress_robots_index":"","_seopress_analysis_target_kw":"","footnotes":""},"class_list":["post-1375","page","type-page","status-publish","hentry"],"acf":[],"_links":{"self":[{"href":"https:\/\/ticino-gastronomico.ch\/fr\/wp-json\/wp\/v2\/pages\/1375","targetHints":{"allow":["GET"]}}],"collection":[{"href":"https:\/\/ticino-gastronomico.ch\/fr\/wp-json\/wp\/v2\/pages"}],"about":[{"href":"https:\/\/ticino-gastronomico.ch\/fr\/wp-json\/wp\/v2\/types\/page"}],"author":[{"embeddable":true,"href":"https:\/\/ticino-gastronomico.ch\/fr\/wp-json\/wp\/v2\/users\/3"}],"replies":[{"embeddable":true,"href":"https:\/\/ticino-gastronomico.ch\/fr\/wp-json\/wp\/v2\/comments?post=1375"}],"version-history":[{"count":19,"href":"https:\/\/ticino-gastronomico.ch\/fr\/wp-json\/wp\/v2\/pages\/1375\/revisions"}],"predecessor-version":[{"id":53097,"href":"https:\/\/ticino-gastronomico.ch\/fr\/wp-json\/wp\/v2\/pages\/1375\/revisions\/53097"}],"wp:attachment":[{"href":"https:\/\/ticino-gastronomico.ch\/fr\/wp-json\/wp\/v2\/media?parent=1375"}],"curies":[{"name":"wp","href":"https:\/\/api.w.org\/{rel}","templated":true}]}}