{"id":1387,"date":"2022-07-05T14:53:56","date_gmt":"2022-07-05T12:53:56","guid":{"rendered":"https:\/\/ticino-gastronomico.ch\/a-propos-de-nous\/"},"modified":"2024-04-02T08:57:35","modified_gmt":"2024-04-02T06:57:35","slug":"a-propos-de-nous","status":"publish","type":"page","link":"https:\/\/ticino-gastronomico.ch\/fr\/a-propos-de-nous\/","title":{"rendered":"A propos de nous"},"content":{"rendered":"\t\t<div data-elementor-type=\"wp-page\" data-elementor-id=\"1387\" class=\"elementor elementor-1387 elementor-313\" data-elementor-post-type=\"page\">\n\t\t\t\t\t\t<section class=\"elementor-section elementor-top-section elementor-element elementor-element-416cb983 elementor-section-boxed elementor-section-height-default elementor-section-height-default\" data-id=\"416cb983\" data-element_type=\"section\" data-e-type=\"section\" data-settings=\"{&quot;background_background&quot;:&quot;classic&quot;}\">\n\t\t\t\t\t\t<div class=\"elementor-container elementor-column-gap-default\">\n\t\t\t\t\t<div class=\"elementor-column elementor-col-100 elementor-top-column elementor-element elementor-element-7da69d5a\" data-id=\"7da69d5a\" data-element_type=\"column\" data-e-type=\"column\">\n\t\t\t<div class=\"elementor-widget-wrap elementor-element-populated\">\n\t\t\t\t\t\t<div class=\"elementor-element elementor-element-71164931 elementor-invisible elementor-widget elementor-widget-heading\" data-id=\"71164931\" data-element_type=\"widget\" data-e-type=\"widget\" data-settings=\"{&quot;_animation&quot;:&quot;slideInRight&quot;}\" data-widget_type=\"heading.default\">\n\t\t\t\t<div class=\"elementor-widget-container\">\n\t\t\t\t\t<h1 class=\"elementor-heading-title elementor-size-default\">Ticino Gastronomique<\/h1>\t\t\t\t<\/div>\n\t\t\t\t<\/div>\n\t\t\t\t<div class=\"elementor-element elementor-element-26c05dae elementor-invisible elementor-widget elementor-widget-heading\" data-id=\"26c05dae\" data-element_type=\"widget\" data-e-type=\"widget\" data-settings=\"{&quot;_animation&quot;:&quot;fadeInRight&quot;,&quot;_animation_delay&quot;:300}\" data-widget_type=\"heading.default\">\n\t\t\t\t<div class=\"elementor-widget-container\">\n\t\t\t\t\t<h3 class=\"elementor-heading-title elementor-size-default\">Profitez de ce site dans tous les sens du terme !\n\n<\/h3>\t\t\t\t<\/div>\n\t\t\t\t<\/div>\n\t\t\t\t<div class=\"elementor-element elementor-element-1adfa66b elementor-invisible elementor-widget elementor-widget-text-editor\" data-id=\"1adfa66b\" data-element_type=\"widget\" data-e-type=\"widget\" data-settings=\"{&quot;_animation_delay&quot;:600,&quot;_animation&quot;:&quot;fadeInRight&quot;}\" data-widget_type=\"text-editor.default\">\n\t\t\t\t<div class=\"elementor-widget-container\">\n\t\t\t\t\t\t\t\t\t<p>Voici un coin du \u00ab\u00a0web\u00a0\u00bb qui veut donner aux restaurants tessinois une chance de se faire conna\u00eetre, de mani\u00e8re satisfaisante !<br \/>Ces pages se veulent simples, mais avec suffisamment d&rsquo;informations pour se pr\u00e9senter \u00e0 l&rsquo;internaute de mani\u00e8re plausible et surtout, elles se veulent actuelles !<\/p>\n<p>Vous y trouverez des tavernes, grotti et restaurants de tout le canton avec leurs sp\u00e9cialit\u00e9s, des magasins sp\u00e9cialis\u00e9s dans des secteurs gastronomiques sp\u00e9cifiques, des cavistes, et pour ceux qui ont un bateau, des adresses utiles pour profiter d&rsquo;un repas sur les rives de nos deux lacs.<\/p>\n\t\t\t\t\t\t\t\t<\/div>\n\t\t\t\t<\/div>\n\t\t\t\t\t<\/div>\n\t\t<\/div>\n\t\t\t\t\t<\/div>\n\t\t<\/section>\n\t\t\t\t<section class=\"elementor-section elementor-top-section elementor-element elementor-element-48d740e elementor-section-boxed elementor-section-height-default elementor-section-height-default\" data-id=\"48d740e\" data-element_type=\"section\" data-e-type=\"section\" data-settings=\"{&quot;background_background&quot;:&quot;classic&quot;}\">\n\t\t\t\t\t\t<div class=\"elementor-container elementor-column-gap-default\">\n\t\t\t\t\t<div class=\"elementor-column elementor-col-50 elementor-top-column elementor-element elementor-element-511c2d42\" data-id=\"511c2d42\" data-element_type=\"column\" data-e-type=\"column\">\n\t\t\t<div class=\"elementor-widget-wrap elementor-element-populated\">\n\t\t\t\t\t\t<section class=\"elementor-section elementor-inner-section elementor-element elementor-element-1960ca0f elementor-section-boxed elementor-section-height-default elementor-section-height-default elementor-invisible\" data-id=\"1960ca0f\" data-element_type=\"section\" data-e-type=\"section\" data-settings=\"{&quot;animation&quot;:&quot;fadeInRight&quot;}\">\n\t\t\t\t\t\t<div class=\"elementor-container elementor-column-gap-default\">\n\t\t\t\t\t<div class=\"elementor-column elementor-col-100 elementor-inner-column elementor-element elementor-element-3d01076b\" data-id=\"3d01076b\" data-element_type=\"column\" data-e-type=\"column\">\n\t\t\t<div class=\"elementor-widget-wrap elementor-element-populated\">\n\t\t\t\t\t\t<div class=\"elementor-element elementor-element-36b870aa elementor-invisible elementor-widget elementor-widget-text-editor\" data-id=\"36b870aa\" data-element_type=\"widget\" data-e-type=\"widget\" data-settings=\"{&quot;_animation_delay&quot;:600,&quot;_animation&quot;:&quot;fadeInRight&quot;}\" data-widget_type=\"text-editor.default\">\n\t\t\t\t<div class=\"elementor-widget-container\">\n\t\t\t\t\t\t\t\t\t<p>Nous attendons vos suggestions d&rsquo;\u00e9tablissements gastronomiques<br \/>\u00e0 faire conna\u00eetre \u00e0 tous !<\/p>\n<p>L&rsquo;\u00e9quipe du Ticino-gastronomique se r\u00e9jouit de vous conna\u00eetre de mieux en mieux<br \/>le monde de la gastronomie tessinoise.<\/p>\n\t\t\t\t\t\t\t\t<\/div>\n\t\t\t\t<\/div>\n\t\t\t\t\t<\/div>\n\t\t<\/div>\n\t\t\t\t\t<\/div>\n\t\t<\/section>\n\t\t\t\t\t<\/div>\n\t\t<\/div>\n\t\t\t\t<div class=\"elementor-column elementor-col-50 elementor-top-column elementor-element elementor-element-ead9849\" data-id=\"ead9849\" data-element_type=\"column\" data-e-type=\"column\">\n\t\t\t<div class=\"elementor-widget-wrap elementor-element-populated\">\n\t\t\t\t\t\t<div class=\"elementor-element elementor-element-7335b7c elementor-invisible elementor-widget elementor-widget-image\" data-id=\"7335b7c\" data-element_type=\"widget\" data-e-type=\"widget\" data-settings=\"{&quot;_animation&quot;:&quot;fadeInUp&quot;,&quot;_animation_delay&quot;:900}\" data-widget_type=\"image.default\">\n\t\t\t\t<div class=\"elementor-widget-container\">\n\t\t\t\t\t\t\t\t\t\t\t\t\t\t\t<img decoding=\"async\" src=\"https:\/\/ticino-gastronomico.ch\/wp-content\/uploads\/elementor\/thumbs\/kimiya-oveisi-IISXk1y10pw-unsplash-qiu4yaozrz6kx23g3tketgxetmxubr4ssw3hevq4vo.jpg\" title=\"kimiya-oveisi-IISXk1y10pw-unsplash.jpg\" alt=\"kimiya-oveisi-IISXk1y10pw-unsplash.jpg\" loading=\"lazy\" class=\"no-lazyload\" \/>\t\t\t\t\t\t\t\t\t\t\t\t\t\t\t<\/div>\n\t\t\t\t<\/div>\n\t\t\t\t\t<\/div>\n\t\t<\/div>\n\t\t\t\t\t<\/div>\n\t\t<\/section>\n\t\t\t\t<\/div>\n\t\t","protected":false},"excerpt":{"rendered":"<p>Ticino Gastronomique Profitez de ce site dans tous les sens du terme ! Voici un coin du \u00ab\u00a0web\u00a0\u00bb qui veut donner aux restaurants tessinois une chance de se faire conna\u00eetre, de mani\u00e8re satisfaisante !Ces pages se veulent simples, mais avec suffisamment d&rsquo;informations pour se pr\u00e9senter \u00e0 l&rsquo;internaute de mani\u00e8re plausible et surtout, elles se veulent [&hellip;]<\/p>\n","protected":false},"author":3,"featured_media":0,"parent":0,"menu_order":0,"comment_status":"closed","ping_status":"closed","template":"elementor_header_footer","meta":{"_acf_changed":false,"_seopress_robots_primary_cat":"","_seopress_titles_title":"","_seopress_titles_desc":"","_seopress_robots_index":"","_seopress_analysis_target_kw":"","footnotes":""},"class_list":["post-1387","page","type-page","status-publish","hentry"],"acf":[],"_links":{"self":[{"href":"https:\/\/ticino-gastronomico.ch\/fr\/wp-json\/wp\/v2\/pages\/1387","targetHints":{"allow":["GET"]}}],"collection":[{"href":"https:\/\/ticino-gastronomico.ch\/fr\/wp-json\/wp\/v2\/pages"}],"about":[{"href":"https:\/\/ticino-gastronomico.ch\/fr\/wp-json\/wp\/v2\/types\/page"}],"author":[{"embeddable":true,"href":"https:\/\/ticino-gastronomico.ch\/fr\/wp-json\/wp\/v2\/users\/3"}],"replies":[{"embeddable":true,"href":"https:\/\/ticino-gastronomico.ch\/fr\/wp-json\/wp\/v2\/comments?post=1387"}],"version-history":[{"count":4,"href":"https:\/\/ticino-gastronomico.ch\/fr\/wp-json\/wp\/v2\/pages\/1387\/revisions"}],"predecessor-version":[{"id":53832,"href":"https:\/\/ticino-gastronomico.ch\/fr\/wp-json\/wp\/v2\/pages\/1387\/revisions\/53832"}],"wp:attachment":[{"href":"https:\/\/ticino-gastronomico.ch\/fr\/wp-json\/wp\/v2\/media?parent=1387"}],"curies":[{"name":"wp","href":"https:\/\/api.w.org\/{rel}","templated":true}]}}